{"id":13397,"date":"2025-09-30T19:08:14","date_gmt":"2025-09-30T17:08:14","guid":{"rendered":"https:\/\/structum-co.com\/?page_id=13397"},"modified":"2025-09-30T19:10:09","modified_gmt":"2025-09-30T17:10:09","slug":"agroindustrial","status":"publish","type":"page","link":"https:\/\/structum-co.com\/?page_id=13397","title":{"rendered":" Agroindustrial"},"content":{"rendered":"\t\t<div data-elementor-type=\"wp-page\" data-elementor-id=\"13397\" class=\"elementor elementor-13397\" data-elementor-post-type=\"page\">\n\t\t\t\t\t\t<section class=\"elementor-section elementor-top-section elementor-element elementor-element-3732e5a6 elementor-section-content-middle elementor-section-stretched elementor-section-boxed elementor-section-height-default elementor-section-height-default\" data-id=\"3732e5a6\" data-element_type=\"section\" data-settings=\"{&quot;stretch_section&quot;:&quot;section-stretched&quot;,&quot;background_background&quot;:&quot;classic&quot;}\">\n\t\t\t\t\t\t<div class=\"elementor-container elementor-column-gap-default\">\n\t\t\t\t\t<div class=\"elementor-column elementor-col-100 elementor-top-column elementor-element elementor-element-2c4c71b8\" data-id=\"2c4c71b8\" data-element_type=\"column\">\n\t\t\t<div class=\"elementor-widget-wrap elementor-element-populated\">\n\t\t\t\t\t\t<div class=\"elementor-element elementor-element-4bf3a9c3 elementor-widget elementor-widget-rs-heading\" data-id=\"4bf3a9c3\" data-element_type=\"widget\" data-widget_type=\"rs-heading.default\">\n\t\t\t\t<div class=\"elementor-widget-container\">\n\t\t\t\t\t\n        <div class=\"prelements-heading default animate- center\">\n        \t<div class=\"title-inner\">        \t\t      \t\t\n\t            <span class=\"sub-text \">INDUSTRIA<\/span><h2 class=\"title\"><span class=\"watermark\">industria<\/span> Agroindustrial<\/h2>\t\t\t\t\n\t\t\t\t\t        <\/div>\n\t                <\/div>\n        \t\t\t\t<\/div>\n\t\t\t\t<\/div>\n\t\t\t\t<section class=\"elementor-section elementor-inner-section elementor-element elementor-element-763572da elementor-section-boxed elementor-section-height-default elementor-section-height-default\" data-id=\"763572da\" data-element_type=\"section\">\n\t\t\t\t\t\t<div class=\"elementor-container elementor-column-gap-extended\">\n\t\t\t\t\t<div class=\"elementor-column elementor-col-50 elementor-inner-column elementor-element elementor-element-4fa8b3c1\" data-id=\"4fa8b3c1\" data-element_type=\"column\">\n\t\t\t<div class=\"elementor-widget-wrap elementor-element-populated\">\n\t\t\t\t\t\t<div class=\"elementor-element elementor-element-2f7e9fe1 elementor-widget elementor-widget-image\" data-id=\"2f7e9fe1\" data-element_type=\"widget\" data-widget_type=\"image.default\">\n\t\t\t\t<div class=\"elementor-widget-container\">\n\t\t\t\t\t\t\t\t\t\t\t\t\t\t\t<img fetchpriority=\"high\" decoding=\"async\" width=\"1024\" height=\"1024\" src=\"https:\/\/structum-co.com\/wp-content\/uploads\/2025\/09\/unnamed-3.png\" class=\"attachment-large size-large wp-image-13383\" alt=\"\" srcset=\"https:\/\/structum-co.com\/wp-content\/uploads\/2025\/09\/unnamed-3.png 1024w, https:\/\/structum-co.com\/wp-content\/uploads\/2025\/09\/unnamed-3-300x300.png 300w, https:\/\/structum-co.com\/wp-content\/uploads\/2025\/09\/unnamed-3-150x150.png 150w, https:\/\/structum-co.com\/wp-content\/uploads\/2025\/09\/unnamed-3-768x768.png 768w, https:\/\/structum-co.com\/wp-content\/uploads\/2025\/09\/unnamed-3-500x500.png 500w, https:\/\/structum-co.com\/wp-content\/uploads\/2025\/09\/unnamed-3-600x600.png 600w, https:\/\/structum-co.com\/wp-content\/uploads\/2025\/09\/unnamed-3-100x100.png 100w\" sizes=\"(max-width: 1024px) 100vw, 1024px\" \/>\t\t\t\t\t\t\t\t\t\t\t\t\t\t\t<\/div>\n\t\t\t\t<\/div>\n\t\t\t\t\t<\/div>\n\t\t<\/div>\n\t\t\t\t<div class=\"elementor-column elementor-col-50 elementor-inner-column elementor-element elementor-element-4e86da7d\" data-id=\"4e86da7d\" data-element_type=\"column\">\n\t\t\t<div class=\"elementor-widget-wrap elementor-element-populated\">\n\t\t\t\t\t\t<div class=\"elementor-element elementor-element-47424d71 elementor-widget elementor-widget-rs-service-grid\" data-id=\"47424d71\" data-element_type=\"widget\" data-widget_type=\"rs-service-grid.default\">\n\t\t\t\t<div class=\"elementor-widget-container\">\n\t\t\t\t\t\t\t\r\n\t\t<div class=\" rs-service-shape-disable_position rs-addon-services services-style1 service_shape_ box_shadow_disable box-style-md-\">\r\n\t\t    <div class=\"services-part image-align-\">\r\n\t\t    \t\t\t\t    \t\t    \t\t\r\n\t\t    \t\r\n\t\t    \t\t\t\r\n\t\t    \t\t\t\t\t\t    \t\t\t<div class=\"services-icon  icon no\">\r\n\r\n\t\t\t\t\t    \t\t\t\t\t\t\t    \t\t\t<i class=\"fa fa fa-file-code-o\"><\/i>\r\n\t\t\t\t\t    \t\t\r\n\t\t\t\t\t    \t\t\r\n\t\t\t\t\t    \t\t\t\t\t\t\t    \t\t\r\n\t\t\t\t    \t\t<\/div>\r\n\t\t\t    \t\t\r\n\r\n\t\t    \t\t\t    \t\t       \r\n\t\t\t    <div class=\"services-text\">\r\n\r\n\t\t\t    \t\r\n\t\t\t    \t\t\t    \t    \t\t\t    \t\t    \t<div class=\"services-title\">\t\t\t\t    \t\t\r\n\t\t    \t\t    \t\t\t\t\t\t\t    \t\t\t\t\t\t\t    \t\t\t\r\n\t\t    \t\t    \t\t<h2  class=\"title\"> <a href=\"#\"  >Soluci\u00f3n:<\/a><\/h2>\r\n\t\t    \t\t    \t\t\t\t\t\t    \t\t\r\n\t\t    \t\t    \t<\/div>\r\n\t\t    \t    \t\t\t\t\t    \r\n\t\t\t    \t\t\t\t    \t\t<p class=\"services-txt\">  SAP Datasphere, SAP Analytics Cloud\n<\/p>\t\r\n\t\t\t    \t\t\r\n\r\n\r\n\r\n\t\t\t    \t\t    \t    \t\t\t    \t    \t\t\t\t    <\/div>\r\n\t\t\t<\/div>\r\n\t\t<\/div>\t\r\n\t\t\r\n\t\t\t\t\t<\/div>\n\t\t\t\t<\/div>\n\t\t\t\t\t<\/div>\n\t\t<\/div>\n\t\t\t\t\t<\/div>\n\t\t<\/section>\n\t\t\t\t<section class=\"elementor-section elementor-inner-section elementor-element elementor-element-34e5e79e elementor-section-boxed elementor-section-height-default elementor-section-height-default\" data-id=\"34e5e79e\" data-element_type=\"section\">\n\t\t\t\t\t\t<div class=\"elementor-container elementor-column-gap-extended\">\n\t\t\t\t\t<div class=\"elementor-column elementor-col-33 elementor-inner-column elementor-element elementor-element-65d76603\" data-id=\"65d76603\" data-element_type=\"column\">\n\t\t\t<div class=\"elementor-widget-wrap elementor-element-populated\">\n\t\t\t\t\t\t<div class=\"elementor-element elementor-element-721b0baa elementor-widget elementor-widget-rs-service-grid\" data-id=\"721b0baa\" data-element_type=\"widget\" data-widget_type=\"rs-service-grid.default\">\n\t\t\t\t<div class=\"elementor-widget-container\">\n\t\t\t\t\t\t\t\r\n\t\t<div class=\" rs-service-shape-disable_position rs-addon-services services-style1 service_shape_ box_shadow_disable box-style-md-\">\r\n\t\t    <div class=\"services-part image-align-\">\r\n\t\t    \t\t\t\t    \t\t    \t\t\r\n\t\t    \t\r\n\t\t    \t\t\t\r\n\t\t    \t\t\t\t\t\t    \t\t\t<div class=\"services-icon  icon no\">\r\n\r\n\t\t\t\t\t    \t\t\t\t\t\t\t    \t\t\t<i class=\"fa fa fa-exclamation\"><\/i>\r\n\t\t\t\t\t    \t\t\r\n\t\t\t\t\t    \t\t\r\n\t\t\t\t\t    \t\t\t\t\t\t\t    \t\t\r\n\t\t\t\t    \t\t<\/div>\r\n\t\t\t    \t\t\r\n\r\n\t\t    \t\t\t    \t\t       \r\n\t\t\t    <div class=\"services-text\">\r\n\r\n\t\t\t    \t\r\n\t\t\t    \t\t\t    \t    \t\t\t    \t\t    \t<div class=\"services-title\">\t\t\t\t    \t\t\r\n\t\t    \t\t    \t\t\t\t\t\t\t    \t\t\t\t\t\t\t    \t\t\t\r\n\t\t    \t\t    \t\t<h2  class=\"title\"> <a href=\"#\"  >Desaf\u00edo: <\/a><\/h2>\r\n\t\t    \t\t    \t\t\t\t\t\t    \t\t\r\n\t\t    \t\t    \t<\/div>\r\n\t\t    \t    \t\t\t\t\t    \r\n\t\t\t    \t\t\t\t    \t\t<p class=\"services-txt\">  Modernizar la bodega de datos<\/p>\t\r\n\t\t\t    \t\t\r\n\r\n\r\n\r\n\t\t\t    \t\t    \t    \t\t\t    \t    \t\t\t\t    <\/div>\r\n\t\t\t<\/div>\r\n\t\t<\/div>\t\r\n\t\t\r\n\t\t\t\t\t<\/div>\n\t\t\t\t<\/div>\n\t\t\t\t\t<\/div>\n\t\t<\/div>\n\t\t\t\t<div class=\"elementor-column elementor-col-33 elementor-inner-column elementor-element elementor-element-34ef3046\" data-id=\"34ef3046\" data-element_type=\"column\">\n\t\t\t<div class=\"elementor-widget-wrap elementor-element-populated\">\n\t\t\t\t\t\t<div class=\"elementor-element elementor-element-6d15fe9e elementor-widget elementor-widget-rs-service-grid\" data-id=\"6d15fe9e\" data-element_type=\"widget\" data-widget_type=\"rs-service-grid.default\">\n\t\t\t\t<div class=\"elementor-widget-container\">\n\t\t\t\t\t\t\t\r\n\t\t<div class=\" rs-service-shape-disable_position rs-addon-services services-style1 service_shape_ box_shadow_disable box-style-md-\">\r\n\t\t    <div class=\"services-part image-align-\">\r\n\t\t    \t\t\t\t    \t\t    \t\t\r\n\t\t    \t\r\n\t\t    \t\t\t\r\n\t\t    \t\t\t\t\t\t    \t\t\t<div class=\"services-icon  icon no\">\r\n\r\n\t\t\t\t\t    \t\t\t\t\t\t\t    \t\t\t<i class=\"fa fa fa-check-square\"><\/i>\r\n\t\t\t\t\t    \t\t\r\n\t\t\t\t\t    \t\t\r\n\t\t\t\t\t    \t\t\t\t\t\t\t    \t\t\r\n\t\t\t\t    \t\t<\/div>\r\n\t\t\t    \t\t\r\n\r\n\t\t    \t\t\t    \t\t       \r\n\t\t\t    <div class=\"services-text\">\r\n\r\n\t\t\t    \t\r\n\t\t\t    \t\t\t    \t    \t\t\t    \t\t    \t<div class=\"services-title\">\t\t\t\t    \t\t\r\n\t\t    \t\t    \t\t\t\t\t\t\t    \t\t\t\t\t\t\t    \t\t\t\r\n\t\t    \t\t    \t\t<h2  class=\"title\"> <a href=\"#\"  >Soluci\u00f3n Implementada:<\/a><\/h2>\r\n\t\t    \t\t    \t\t\t\t\t\t    \t\t\r\n\t\t    \t\t    \t<\/div>\r\n\t\t    \t    \t\t\t\t\t    \r\n\t\t\t    \t\t\t\t    \t\t<p class=\"services-txt\">  Modelos de informaci\u00f3n y reportes para las \u00e1reas financiera, comercial y log\u00edstica que reemplazan y liberan recursos de la bodega de datos SAP BW\n\n\n<\/p>\t\r\n\t\t\t    \t\t\r\n\r\n\r\n\r\n\t\t\t    \t\t    \t    \t\t\t    \t    \t\t\t\t    <\/div>\r\n\t\t\t<\/div>\r\n\t\t<\/div>\t\r\n\t\t\r\n\t\t\t\t\t<\/div>\n\t\t\t\t<\/div>\n\t\t\t\t\t<\/div>\n\t\t<\/div>\n\t\t\t\t<div class=\"elementor-column elementor-col-33 elementor-inner-column elementor-element elementor-element-6aff71fd\" data-id=\"6aff71fd\" data-element_type=\"column\">\n\t\t\t<div class=\"elementor-widget-wrap elementor-element-populated\">\n\t\t\t\t\t\t<div class=\"elementor-element elementor-element-7d12f57 elementor-hidden-desktop elementor-hidden-tablet elementor-hidden-mobile elementor-widget elementor-widget-rs-service-grid\" data-id=\"7d12f57\" data-element_type=\"widget\" data-widget_type=\"rs-service-grid.default\">\n\t\t\t\t<div class=\"elementor-widget-container\">\n\t\t\t\t\t\t\t\r\n\t\t<div class=\" rs-service-shape-disable_position rs-addon-services services-style1 service_shape_ box_shadow_disable box-style-md-\">\r\n\t\t    <div class=\"services-part image-align-\">\r\n\t\t    \t\t\t\t    \t\t    \t\t\r\n\t\t    \t\r\n\t\t    \t\t\t\r\n\t\t    \t\t\t\t\t\t    \t\t\t<div class=\"services-icon  icon no\">\r\n\r\n\t\t\t\t\t    \t\t\t\t\t\t\t    \t\t\t<i class=\"fa fa fa-arrow-circle-up\"><\/i>\r\n\t\t\t\t\t    \t\t\r\n\t\t\t\t\t    \t\t\r\n\t\t\t\t\t    \t\t\t\t\t\t\t    \t\t\r\n\t\t\t\t    \t\t<\/div>\r\n\t\t\t    \t\t\r\n\r\n\t\t    \t\t\t    \t\t       \r\n\t\t\t    <div class=\"services-text\">\r\n\r\n\t\t\t    \t\r\n\t\t\t    \t\t\t    \t    \t\t\t    \t\t    \t<div class=\"services-title\">\t\t\t\t    \t\t\r\n\t\t    \t\t    \t\t\t\t\t\t\t    \t\t\t\t\t\t\t    \t\t\t\r\n\t\t    \t\t    \t\t<h2  class=\"title\"> <a href=\"#\"  >Resultados:<\/a><\/h2>\r\n\t\t    \t\t    \t\t\t\t\t\t    \t\t\r\n\t\t    \t\t    \t<\/div>\r\n\t\t    \t    \t\t\t\t\t    \r\n\t\t\t    \t\t\t\t    \t\t<p class=\"services-txt\">  Reducci\u00f3n del 40% en tiempos de consolidaci\u00f3n financiera.\nMayor capacidad de an\u00e1lisis y verificaci\u00f3n de desviaciones entre escenarios.\nAlineaci\u00f3n entre \u00e1reas financieras y operativas\n<\/p>\t\r\n\t\t\t    \t\t\r\n\r\n\r\n\r\n\t\t\t    \t\t    \t    \t\t\t    \t    \t\t\t\t    <\/div>\r\n\t\t\t<\/div>\r\n\t\t<\/div>\t\r\n\t\t\r\n\t\t\t\t\t<\/div>\n\t\t\t\t<\/div>\n\t\t\t\t\t<\/div>\n\t\t<\/div>\n\t\t\t\t\t<\/div>\n\t\t<\/section>\n\t\t\t\t\t<\/div>\n\t\t<\/div>\n\t\t\t\t\t<\/div>\n\t\t<\/section>\n\t\t\t\t<\/div>\n\t\t","protected":false},"excerpt":{"rendered":"<p>INDUSTRIA industria Agroindustrial Soluci\u00f3n: SAP Datasphere, SAP Analytics Cloud Desaf\u00ed\u00ado: Modernizar la bodega de datos Soluci\u00f3n Implementada: Modelos de informaci\u00f3n y reportes para las \u00e1reas financiera, comercial y log\u00ed\u00adstica que reemplazan y liberan recursos de la bodega de datos SAP BW Resultados: Reducci\u00f3n del 40% en tiempos de consolidaci\u00f3n financiera. Mayor capacidad de an\u00e1lisis y [&hellip;]<\/p>\n","protected":false},"author":1,"featured_media":13383,"parent":0,"menu_order":0,"comment_status":"closed","ping_status":"closed","template":"","meta":{"footnotes":""},"class_list":["post-13397","page","type-page","status-publish","hentry"],"acf":[],"_links":{"self":[{"href":"https:\/\/structum-co.com\/index.php?rest_route=\/wp\/v2\/pages\/13397","targetHints":{"allow":["GET"]}}],"collection":[{"href":"https:\/\/structum-co.com\/index.php?rest_route=\/wp\/v2\/pages"}],"about":[{"href":"https:\/\/structum-co.com\/index.php?rest_route=\/wp\/v2\/types\/page"}],"author":[{"embeddable":true,"href":"https:\/\/structum-co.com\/index.php?rest_route=\/wp\/v2\/users\/1"}],"replies":[{"embeddable":true,"href":"https:\/\/structum-co.com\/index.php?rest_route=%2Fwp%2Fv2%2Fcomments&post=13397"}],"version-history":[{"count":4,"href":"https:\/\/structum-co.com\/index.php?rest_route=\/wp\/v2\/pages\/13397\/revisions"}],"predecessor-version":[{"id":13402,"href":"https:\/\/structum-co.com\/index.php?rest_route=\/wp\/v2\/pages\/13397\/revisions\/13402"}],"wp:featuredmedia":[{"embeddable":true,"href":"https:\/\/structum-co.com\/index.php?rest_route=\/wp\/v2\/media\/13383"}],"wp:attachment":[{"href":"https:\/\/structum-co.com\/index.php?rest_route=%2Fwp%2Fv2%2Fmedia&parent=13397"}],"curies":[{"name":"wp","href":"https:\/\/api.w.org\/{rel}","templated":true}]}}